{"id":110,"date":"2024-11-19T21:29:40","date_gmt":"2024-11-19T20:29:40","guid":{"rendered":"https:\/\/www.vereinsring-schwanheim.de\/?page_id=110"},"modified":"2024-11-19T21:29:40","modified_gmt":"2024-11-19T20:29:40","slug":"weihnachtsmarkt-2024","status":"publish","type":"page","link":"https:\/\/www.vereinsring-schwanheim.de\/","title":{"rendered":"Weihnachtsmarkt 2024"},"content":{"rendered":"\n<p>Noch letzte Standpl\u00e4tze f\u00fcr Ihren Verein verf\u00fcgbar. Anmeldung unter <a href=\"mailto:weihnachtsmarkt@vereinsring-schwanheim.de\">weihnachtsmarkt@vereinsring-schwanheim.de<\/a>.<\/p>\n\n\n\n<figure class=\"wp-block-image size-large\"><img fetchpriority=\"high\" decoding=\"async\" width=\"724\" height=\"1024\" src=\"https:\/\/www.vereinsring-schwanheim.de\/wp-content\/uploads\/2024\/11\/PHOTO-2024-11-03-14-55-23-724x1024.jpg\" alt=\"\" class=\"wp-image-111\" srcset=\"https:\/\/www.vereinsring-schwanheim.de\/wp-content\/uploads\/2024\/11\/PHOTO-2024-11-03-14-55-23-724x1024.jpg 724w, https:\/\/www.vereinsring-schwanheim.de\/wp-content\/uploads\/2024\/11\/PHOTO-2024-11-03-14-55-23-212x300.jpg 212w, https:\/\/www.vereinsring-schwanheim.de\/wp-content\/uploads\/2024\/11\/PHOTO-2024-11-03-14-55-23-768x1086.jpg 768w, https:\/\/www.vereinsring-schwanheim.de\/wp-content\/uploads\/2024\/11\/PHOTO-2024-11-03-14-55-23-1086x1536.jpg 1086w, https:\/\/www.vereinsring-schwanheim.de\/wp-content\/uploads\/2024\/11\/PHOTO-2024-11-03-14-55-23.jpg 1131w\" sizes=\"(max-width: 724px) 100vw, 724px\" \/><\/figure>\n\n\n\n<p><\/p>\n\n\n\n<p><\/p>\n","protected":false},"excerpt":{"rendered":"<p>Noch letzte Standpl\u00e4tze f\u00fcr Ihren Verein verf\u00fcgbar. Anmeldung unter weihnachtsmarkt@vereinsring-schwanheim.de.<\/p>\n","protected":false},"author":1,"featured_media":0,"parent":0,"menu_order":0,"comment_status":"closed","ping_status":"closed","template":"","meta":{"site-sidebar-layout":"default","site-content-layout":"","ast-site-content-layout":"","site-content-style":"default","site-sidebar-style":"default","ast-global-header-display":"","ast-banner-title-visibility":"","ast-main-header-display":"","ast-hfb-above-header-display":"","ast-hfb-below-header-display":"","ast-hfb-mobile-header-display":"","site-post-title":"","ast-breadcrumbs-content":"","ast-featured-img":"","footer-sml-layout":"","theme-transparent-header-meta":"","adv-header-id-meta":"","stick-header-meta":"","header-above-stick-meta":"","header-main-stick-meta":"","header-below-stick-meta":"","astra-migrate-meta-layouts":"","ast-page-background-enabled":"default","ast-page-background-meta":{"desktop":{"background-color":"var(--ast-global-color-4)","background-image":"","background-repeat":"repeat","background-position":"center center","background-size":"auto","background-attachment":"scroll","background-type":"","background-media":"","overlay-type":"","overlay-color":"","overlay-gradient":""},"tablet":{"background-color":"","background-image":"","background-repeat":"repeat","background-position":"center center","background-size":"auto","background-attachment":"scroll","background-type":"","background-media":"","overlay-type":"","overlay-color":"","overlay-gradient":""},"mobile":{"background-color":"","background-image":"","background-repeat":"repeat","background-position":"center center","background-size":"auto","background-attachment":"scroll","background-type":"","background-media":"","overlay-type":"","overlay-color":"","overlay-gradient":""}},"ast-content-background-meta":{"desktop":{"background-color":"var(--ast-global-color-5)","background-image":"","background-repeat":"repeat","background-position":"center center","background-size":"auto","background-attachment":"scroll","background-type":"","background-media":"","overlay-type":"","overlay-color":"","overlay-gradient":""},"tablet":{"background-color":"var(--ast-global-color-5)","background-image":"","background-repeat":"repeat","background-position":"center center","background-size":"auto","background-attachment":"scroll","background-type":"","background-media":"","overlay-type":"","overlay-color":"","overlay-gradient":""},"mobile":{"background-color":"var(--ast-global-color-5)","background-image":"","background-repeat":"repeat","background-position":"center center","background-size":"auto","background-attachment":"scroll","background-type":"","background-media":"","overlay-type":"","overlay-color":"","overlay-gradient":""}},"footnotes":""},"_links":{"self":[{"href":"https:\/\/www.vereinsring-schwanheim.de\/index.php?rest_route=\/wp\/v2\/pages\/110"}],"collection":[{"href":"https:\/\/www.vereinsring-schwanheim.de\/index.php?rest_route=\/wp\/v2\/pages"}],"about":[{"href":"https:\/\/www.vereinsring-schwanheim.de\/index.php?rest_route=\/wp\/v2\/types\/page"}],"author":[{"embeddable":true,"href":"https:\/\/www.vereinsring-schwanheim.de\/index.php?rest_route=\/wp\/v2\/users\/1"}],"replies":[{"embeddable":true,"href":"https:\/\/www.vereinsring-schwanheim.de\/index.php?rest_route=%2Fwp%2Fv2%2Fcomments&post=110"}],"version-history":[{"count":1,"href":"https:\/\/www.vereinsring-schwanheim.de\/index.php?rest_route=\/wp\/v2\/pages\/110\/revisions"}],"predecessor-version":[{"id":112,"href":"https:\/\/www.vereinsring-schwanheim.de\/index.php?rest_route=\/wp\/v2\/pages\/110\/revisions\/112"}],"wp:attachment":[{"href":"https:\/\/www.vereinsring-schwanheim.de\/index.php?rest_route=%2Fwp%2Fv2%2Fmedia&parent=110"}],"curies":[{"name":"wp","href":"https:\/\/api.w.org\/{rel}","templated":true}]}}