{"id":21,"date":"2023-12-11T12:03:20","date_gmt":"2023-12-11T11:03:20","guid":{"rendered":"https:\/\/www.vereinsring-schwanheim.de\/?page_id=21"},"modified":"2024-07-27T13:20:55","modified_gmt":"2024-07-27T11:20:55","slug":"impressum","status":"publish","type":"page","link":"https:\/\/www.vereinsring-schwanheim.de\/?page_id=21","title":{"rendered":"Impressum"},"content":{"rendered":"\n<h3 class=\"wp-block-heading\"><strong>Anbieterkennzeichnung gem. \u00a7 5 TMG<\/strong><\/h3>\n\n\n\n<p>Vereinsring Schwanheim e.V.<br>c\/o Markus M\u00fcller<br>Am Siechen 8<br>60529 Frankfurt am Main<\/p>\n\n\n\n<p>Tel.: 069 34 87 14 28<br>Fax: 069 9 77 66 66 2<br>E-Mail:&nbsp;<a href=\"mailto:vorstand@vereinsring-schwanheim.de\" data-type=\"mailto\" data-id=\"mailto:vorstand@kerbegesellschaft-schwanheim.de\">vorstand@vereinsring-schwanheim.de<\/a><\/p>\n\n\n\n<p>Vertreten durch den Vorstand gem. \u00a7 26 BGB:<\/p>\n\n\n\n<p>Markus M\u00fcller, Maik Henrich, Marc Schosser, J\u00fcrgen Schwiglewski, Patrick S\u00f6der<\/p>\n\n\n\n<p>Eintrag unter Registernummer VR 9331 beim Amtsgericht Frankfurt am Main<br>Sitz des Vereins (Gerichtsstand): Frankfurt am Main<\/p>\n\n\n\n<h3 class=\"wp-block-heading\"><strong>Webmaster \/ Inhaltlich Verantwortlicher gem\u00e4\u00df \u00a7 18 Abs. 2 MStV<\/strong><\/h3>\n\n\n\n<p><a href=\"mailto:markus.mueller@vereinsring-schwanheim.de\">Markus M\u00fcller<\/a><br>Kontakt: via E-Mail<\/p>\n\n\n\n<h3 class=\"wp-block-heading\"><strong>Haftung f\u00fcr Inhalte<\/strong><\/h3>\n\n\n\n<p>Die Inhalte unserer Seiten wurden mit gr\u00f6\u00dfter Sorgfalt erstellt. F\u00fcr die Richtigkeit, Vollst\u00e4ndigkeit und Aktualit\u00e4t der Inhalte k\u00f6nnen wir jedoch keine Gew\u00e4hr \u00fcbernehmen.<br>Als Diensteanbieter sind wir gem\u00e4\u00df \u00a7 7 Abs. 1 TMG f\u00fcr eigene Inhalte auf diesen Seiten nach den allgemeinen Gesetzen verantwortlich. Diensteanbieter sind jedoch nicht verpflichtet, die von ihnen \u00fcbermittelten oder gespeicherten fremden Informationen zu \u00fcberwachen oder nach Umst\u00e4nden zu forschen, die auf eine rechtswidrige T\u00e4tigkeit hinweisen. Verpflichtungen zur Entfernung oder Sperrung der Nutzung von Informationen nach den allgemeinen Gesetzen bleiben hiervon unber\u00fchrt. Eine diesbez\u00fcgliche Haftung ist jedoch erst ab dem Zeitpunkt der Kenntnis einer konkreten Rechtsverletzung m\u00f6glich. Bei bekannt werden von entsprechenden Rechtsverletzungen werden wir diese Inhalte umgehend entfernen.<\/p>\n\n\n\n<h3 class=\"wp-block-heading\"><strong>Haftung f\u00fcr Links<\/strong><\/h3>\n\n\n\n<p>Unser Angebot enth\u00e4lt Links zu externen Webseiten Dritter, auf deren Inhalte wir keinen Einfluss haben. Deshalb k\u00f6nnen wir f\u00fcr diese fremden Inhalte auch keine Gew\u00e4hr \u00fcbernehmen. F\u00fcr die Inhalte der verlinkten Seiten ist stets der jeweilige Anbieter oder Betreiber der Seiten verantwortlich. Die verlinkten Seiten wurden zum Zeitpunkt der Verlinkung auf m\u00f6gliche Rechtsverst\u00f6\u00dfe \u00fcberpr\u00fcft. Rechtswidrige Inhalte waren zum Zeitpunkt der Verlinkung nicht erkennbar. Eine permanente inhaltliche Kontrolle der verlinkten Seiten ist jedoch ohne konkrete Anhaltspunkte einer Rechtsverletzung nicht zumutbar. Bei bekannt werden von Rechtsverletzungen werden wir derartige Links umgehend entfernen.<\/p>\n\n\n\n<h3 class=\"wp-block-heading\"><strong>Datenschutz<\/strong><\/h3>\n\n\n\n<p>Bez\u00fcglich der Erhebung, Nutzung oder Verarbeitung von personenbezogenen Daten weisen wir auf unsere&nbsp;<a href=\"https:\/\/www.kerbegesellschaft-schwanheim.de\/?page_id=3\" data-type=\"page\" data-id=\"3\">Datenschutzerkl\u00e4rung&nbsp;<\/a>hin. Weiterhin erkl\u00e4ren wir, dass wir personenbezogene Daten nur unter Ber\u00fccksichtigung der geltenden Gesetze erheben, nutzen und verarbeiten.<\/p>\n","protected":false},"excerpt":{"rendered":"<p>Anbieterkennzeichnung gem. \u00a7 5 TMG Vereinsring Schwanheim e.V.c\/o Markus M\u00fcllerAm Siechen 860529 Frankfurt am Main Tel.: 069 34 87 14 28Fax: 069 9 77 66 66 2E-Mail:&nbsp;vorstand@vereinsring-schwanheim.de Vertreten durch den Vorstand gem. \u00a7 26 BGB: Markus M\u00fcller, Maik Henrich, Marc Schosser, J\u00fcrgen Schwiglewski, Patrick S\u00f6der Eintrag unter Registernummer VR 9331 beim Amtsgericht Frankfurt am MainSitz &hellip;<\/p>\n<p class=\"read-more\"> <a class=\"\" href=\"https:\/\/www.vereinsring-schwanheim.de\/?page_id=21\"> <span class=\"screen-reader-text\">Impressum<\/span> Weiterlesen &raquo;<\/a><\/p>\n","protected":false},"author":1,"featured_media":0,"parent":0,"menu_order":0,"comment_status":"closed","ping_status":"closed","template":"","meta":{"site-sidebar-layout":"default","site-content-layout":"","ast-site-content-layout":"","site-content-style":"default","site-sidebar-style":"default","ast-global-header-display":"","ast-banner-title-visibility":"","ast-main-header-display":"","ast-hfb-above-header-display":"","ast-hfb-below-header-display":"","ast-hfb-mobile-header-display":"","site-post-title":"","ast-breadcrumbs-content":"","ast-featured-img":"","footer-sml-layout":"","theme-transparent-header-meta":"","adv-header-id-meta":"","stick-header-meta":"","header-above-stick-meta":"","header-main-stick-meta":"","header-below-stick-meta":"","astra-migrate-meta-layouts":"","ast-page-background-enabled":"default","ast-page-background-meta":{"desktop":{"background-color":"var(--ast-global-color-4)","background-image":"","background-repeat":"repeat","background-position":"center center","background-size":"auto","background-attachment":"scroll","background-type":"","background-media":"","overlay-type":"","overlay-color":"","overlay-gradient":""},"tablet":{"background-color":"","background-image":"","background-repeat":"repeat","background-position":"center center","background-size":"auto","background-attachment":"scroll","background-type":"","background-media":"","overlay-type":"","overlay-color":"","overlay-gradient":""},"mobile":{"background-color":"","background-image":"","background-repeat":"repeat","background-position":"center center","background-size":"auto","background-attachment":"scroll","background-type":"","background-media":"","overlay-type":"","overlay-color":"","overlay-gradient":""}},"ast-content-background-meta":{"desktop":{"background-color":"var(--ast-global-color-5)","background-image":"","background-repeat":"repeat","background-position":"center center","background-size":"auto","background-attachment":"scroll","background-type":"","background-media":"","overlay-type":"","overlay-color":"","overlay-gradient":""},"tablet":{"background-color":"var(--ast-global-color-5)","background-image":"","background-repeat":"repeat","background-position":"center center","background-size":"auto","background-attachment":"scroll","background-type":"","background-media":"","overlay-type":"","overlay-color":"","overlay-gradient":""},"mobile":{"background-color":"var(--ast-global-color-5)","background-image":"","background-repeat":"repeat","background-position":"center center","background-size":"auto","background-attachment":"scroll","background-type":"","background-media":"","overlay-type":"","overlay-color":"","overlay-gradient":""}},"footnotes":""},"_links":{"self":[{"href":"https:\/\/www.vereinsring-schwanheim.de\/index.php?rest_route=\/wp\/v2\/pages\/21"}],"collection":[{"href":"https:\/\/www.vereinsring-schwanheim.de\/index.php?rest_route=\/wp\/v2\/pages"}],"about":[{"href":"https:\/\/www.vereinsring-schwanheim.de\/index.php?rest_route=\/wp\/v2\/types\/page"}],"author":[{"embeddable":true,"href":"https:\/\/www.vereinsring-schwanheim.de\/index.php?rest_route=\/wp\/v2\/users\/1"}],"replies":[{"embeddable":true,"href":"https:\/\/www.vereinsring-schwanheim.de\/index.php?rest_route=%2Fwp%2Fv2%2Fcomments&post=21"}],"version-history":[{"count":3,"href":"https:\/\/www.vereinsring-schwanheim.de\/index.php?rest_route=\/wp\/v2\/pages\/21\/revisions"}],"predecessor-version":[{"id":104,"href":"https:\/\/www.vereinsring-schwanheim.de\/index.php?rest_route=\/wp\/v2\/pages\/21\/revisions\/104"}],"wp:attachment":[{"href":"https:\/\/www.vereinsring-schwanheim.de\/index.php?rest_route=%2Fwp%2Fv2%2Fmedia&parent=21"}],"curies":[{"name":"wp","href":"https:\/\/api.w.org\/{rel}","templated":true}]}}